{"id":11,"date":"2015-07-15T14:46:25","date_gmt":"2015-07-15T12:46:25","guid":{"rendered":"http:\/\/yogakurse-splitthof.de\/?page_id=11"},"modified":"2020-04-21T13:52:44","modified_gmt":"2020-04-21T11:52:44","slug":"ueber-mich","status":"publish","type":"page","link":"https:\/\/yogakurse-splitthof.de\/?page_id=11","title":{"rendered":"\u00dcber mich"},"content":{"rendered":"<p><!--StartFragment --><\/p>\n<h2>Ausbildung:<span style=\"color: #000000;\"><img loading=\"lazy\" decoding=\"async\" class=\"wp-image-1188 alignright\" src=\"https:\/\/yogakurse-splitthof.de\/wp-content\/uploads\/2019\/04\/IMG_9798-4b-533x800.jpg\" alt=\"\" width=\"244\" height=\"367\" \/><\/span><\/h2>\n<ul>\n<li>Dipl.-P\u00e4dagogin<\/li>\n<\/ul>\n<ul>\n<li>Yogalehrerin mit Schwerpunkt Kundalini- Yoga<\/li>\n<\/ul>\n<ul>\n<li>Kinderyogalehrerin<\/li>\n<\/ul>\n<ul>\n<li>Ausbildung in der yogischen Heilkunst SAT NAM RASAYAN &#8211; first Level<\/li>\n<\/ul>\n<ul>\n<li>Weiterbildungen in Breath- Walk, Yoga f\u00fcr Frauen in den Wechseljahren, Yoga- Therapie<\/li>\n<\/ul>\n<ul>\n<li>Ausbildung in yogischer Krisen- und Sterbebegleitung 2016\/2017<\/li>\n<\/ul>\n<p>&nbsp;<\/p>\n<p><!--StartFragment --><\/p>\n<h2>Kurzbiografie:<\/h2>\n<ul>\n<li>\u00a0in Leipzig geboren<\/li>\n<\/ul>\n<ul>\n<li>1983 Abschluss als Diplom- P\u00e4dagogin f\u00fcr Biologie und Chemie<\/li>\n<\/ul>\n<ul>\n<li>Mutter von drei inzwischen erwachsenen Kindern<\/li>\n<\/ul>\n<ul>\n<li>Ausbildung zur Yogalehrerin Grad 1 und 2 bei der 3HO- Internationalen Kundalini Yogalehrer\/innen Assoziation<\/li>\n<\/ul>\n<ul>\n<li>Ausbildung zur Kinder- Yogalehrerin; bei der 3HO- Deutschland e.V.<\/li>\n<\/ul>\n<ul>\n<li>Seit 1999 freiberufliche T\u00e4tigkeit als Kundalini- Yogalehrerin mit Angeboten f\u00fcr M\u00e4nner und Frauen jeden Alters, f\u00fcr Kinder und f\u00fcr Betriebe und Institutionen, sowie Einzelstunden mit Beratung f\u00fcr spezielle Anliegen.<\/li>\n<\/ul>\n<div class=\"shariff\" data-title=\"\u00dcber mich\" data-info-url=\"http:\/\/ct.de\/-2467514\" data-backend-url=\"https:\/\/yogakurse-splitthof.de\/wp-content\/plugins\/shariff-sharing\/backend\/index.php\" data-temp=\"\/tmp\" data-ttl=\"60\" data-service=\"gf\" data-services='[\"googleplus\",\"facebook\",\"whatsapp\",\"info\"]' data-image=\"https:\/\/yogakurse-splitthof.de\/wp-content\/uploads\/2019\/04\/IMG_9798-4b-533x800.jpg\" data-url=\"https:\/\/yogakurse-splitthof.de\/?page_id=11\" data-lang=\"de\" data-theme=\"color\" data-orientation=\"horizontal\"><\/div>","protected":false},"excerpt":{"rendered":"<p>Ausbildung: Dipl.-P\u00e4dagogin Yogalehrerin mit Schwerpunkt Kundalini- Yoga Kinderyogalehrerin Ausbildung in der yogischen Heilkunst SAT NAM RASAYAN &#8211; first Level Weiterbildungen in Breath- Walk, Yoga f\u00fcr Frauen in den Wechseljahren, Yoga- Therapie Ausbildung in yogischer Krisen- und Sterbebegleitung 2016\/2017 &nbsp; Kurzbiografie: \u00a0in Leipzig geboren 1983 Abschluss als Diplom- P\u00e4dagogin f\u00fcr Biologie und Chemie Mutter von drei <a href=\"https:\/\/yogakurse-splitthof.de\/?page_id=11\">Continue reading &#8594;<\/a><\/p>\n","protected":false},"author":1,"featured_media":0,"parent":0,"menu_order":0,"comment_status":"closed","ping_status":"closed","template":"","meta":{"_mc_calendar":[],"footnotes":""},"class_list":["post-11","page","type-page","status-publish","hentry"],"_links":{"self":[{"href":"https:\/\/yogakurse-splitthof.de\/index.php?rest_route=\/wp\/v2\/pages\/11","targetHints":{"allow":["GET"]}}],"collection":[{"href":"https:\/\/yogakurse-splitthof.de\/index.php?rest_route=\/wp\/v2\/pages"}],"about":[{"href":"https:\/\/yogakurse-splitthof.de\/index.php?rest_route=\/wp\/v2\/types\/page"}],"author":[{"embeddable":true,"href":"https:\/\/yogakurse-splitthof.de\/index.php?rest_route=\/wp\/v2\/users\/1"}],"replies":[{"embeddable":true,"href":"https:\/\/yogakurse-splitthof.de\/index.php?rest_route=%2Fwp%2Fv2%2Fcomments&post=11"}],"version-history":[{"count":15,"href":"https:\/\/yogakurse-splitthof.de\/index.php?rest_route=\/wp\/v2\/pages\/11\/revisions"}],"predecessor-version":[{"id":1359,"href":"https:\/\/yogakurse-splitthof.de\/index.php?rest_route=\/wp\/v2\/pages\/11\/revisions\/1359"}],"wp:attachment":[{"href":"https:\/\/yogakurse-splitthof.de\/index.php?rest_route=%2Fwp%2Fv2%2Fmedia&parent=11"}],"curies":[{"name":"wp","href":"https:\/\/api.w.org\/{rel}","templated":true}]}}