{"id":127,"date":"2015-07-29T16:14:21","date_gmt":"2015-07-29T14:14:21","guid":{"rendered":"http:\/\/yogakurse-splitthof.de\/?page_id=127"},"modified":"2020-04-04T22:15:00","modified_gmt":"2020-04-04T20:15:00","slug":"herzchakra-meditation","status":"publish","type":"page","link":"https:\/\/yogakurse-splitthof.de\/?page_id=127","title":{"rendered":"Herzchakra-Meditation"},"content":{"rendered":"<p><img loading=\"lazy\" decoding=\"async\" class=\"size-full wp-image-1339 aligncenter\" src=\"https:\/\/yogakurse-splitthof.de\/wp-content\/uploads\/2020\/04\/kerze.jpg\" alt=\"\" width=\"700\" height=\"374\" \/><\/p>\n<p style=\"text-align: justify;\">Die Herzchakra-Meditation ist eine dynamische Meditation, die mit einer Entspannungsphase abschlie\u00dft. Das Herzchakra ist das Zentrum unserer emotionalen Wahrnehmung. \u00dcber dieses Energiezentrum lassen wir uns ber\u00fchren und kommen mit dem \u201eAu\u00dfen\u201c in Ber\u00fchrung. Wir finden hier die F\u00e4higkeit, uns einzuf\u00fchlen, mitzuf\u00fchlen, uns einzustimmen und mitzuschwingen. Die Liebe zu uns selbst, das Annehmen und Akzeptieren unseres ganzen Wesens aus der Tiefe des Herzens heraus kann uns grundlegend verwandeln und heilen. Und sie ist die Voraussetzung f\u00fcr eine erf\u00fcllte Liebe zu anderen Menschen, f\u00fcr Mitgef\u00fchl, Verst\u00e4ndnis und tiefe Lebensfreude.<\/p>\n<p style=\"text-align: justify;\">Das Herzchakra verf\u00fcgt \u00fcber ein gro\u00dfes Potential der Transformation und Heilung &#8211; f\u00fcr uns selbst wie auch f\u00fcr andere. In diesem Kurs praktizieren wir die Herzchakra- Meditation und kommen intensiver mit unserer Herzenergie in Ber\u00fchrung.<\/p>\n<div class=\"shariff\" data-title=\"Herzchakra-Meditation\" data-info-url=\"http:\/\/ct.de\/-2467514\" data-backend-url=\"https:\/\/yogakurse-splitthof.de\/wp-content\/plugins\/shariff-sharing\/backend\/index.php\" data-temp=\"\/tmp\" data-ttl=\"60\" data-service=\"gf\" data-services='[\"googleplus\",\"facebook\",\"whatsapp\",\"info\"]' data-image=\"https:\/\/yogakurse-splitthof.de\/wp-content\/uploads\/2020\/04\/kerze.jpg\" data-url=\"https:\/\/yogakurse-splitthof.de\/?page_id=127\" data-lang=\"de\" data-theme=\"color\" data-orientation=\"horizontal\"><\/div>","protected":false},"excerpt":{"rendered":"<p>Die Herzchakra-Meditation ist eine dynamische Meditation, die mit einer Entspannungsphase abschlie\u00dft. Das Herzchakra ist das Zentrum unserer emotionalen Wahrnehmung. \u00dcber dieses Energiezentrum lassen wir uns ber\u00fchren und kommen mit dem \u201eAu\u00dfen\u201c in Ber\u00fchrung. Wir finden hier die F\u00e4higkeit, uns einzuf\u00fchlen, mitzuf\u00fchlen, uns einzustimmen und mitzuschwingen. Die Liebe zu uns selbst, das Annehmen und Akzeptieren unseres <a href=\"https:\/\/yogakurse-splitthof.de\/?page_id=127\">Continue reading &#8594;<\/a><\/p>\n","protected":false},"author":1,"featured_media":0,"parent":0,"menu_order":0,"comment_status":"closed","ping_status":"closed","template":"","meta":{"_mc_calendar":[],"footnotes":""},"class_list":["post-127","page","type-page","status-publish","hentry"],"_links":{"self":[{"href":"https:\/\/yogakurse-splitthof.de\/index.php?rest_route=\/wp\/v2\/pages\/127","targetHints":{"allow":["GET"]}}],"collection":[{"href":"https:\/\/yogakurse-splitthof.de\/index.php?rest_route=\/wp\/v2\/pages"}],"about":[{"href":"https:\/\/yogakurse-splitthof.de\/index.php?rest_route=\/wp\/v2\/types\/page"}],"author":[{"embeddable":true,"href":"https:\/\/yogakurse-splitthof.de\/index.php?rest_route=\/wp\/v2\/users\/1"}],"replies":[{"embeddable":true,"href":"https:\/\/yogakurse-splitthof.de\/index.php?rest_route=%2Fwp%2Fv2%2Fcomments&post=127"}],"version-history":[{"count":2,"href":"https:\/\/yogakurse-splitthof.de\/index.php?rest_route=\/wp\/v2\/pages\/127\/revisions"}],"predecessor-version":[{"id":1340,"href":"https:\/\/yogakurse-splitthof.de\/index.php?rest_route=\/wp\/v2\/pages\/127\/revisions\/1340"}],"wp:attachment":[{"href":"https:\/\/yogakurse-splitthof.de\/index.php?rest_route=%2Fwp%2Fv2%2Fmedia&parent=127"}],"curies":[{"name":"wp","href":"https:\/\/api.w.org\/{rel}","templated":true}]}}