{"id":1279,"date":"2020-03-18T10:32:49","date_gmt":"2020-03-18T09:32:49","guid":{"rendered":"http:\/\/yogakurse-splitthof.de\/?page_id=1279"},"modified":"2024-03-09T23:34:40","modified_gmt":"2024-03-09T22:34:40","slug":"impressum","status":"publish","type":"page","link":"https:\/\/yogakurse-splitthof.de\/?page_id=1279","title":{"rendered":"Impressum"},"content":{"rendered":"<h2 style=\"text-align: left;\"><strong>Impressum<\/strong><\/h2>\n<p>Christina Splitthof<br \/>\nYogalehrerin<br \/>\nOrtsstra\u00dfe 88<br \/>\n07907 L\u00f6hma<\/p>\n<p>Telefon: 03663410985<br \/>\n<img loading=\"lazy\" decoding=\"async\" class=\" wp-image-1859 alignleft\" src=\"https:\/\/yogakurse-splitthof.de\/wp-content\/uploads\/2024\/03\/fotomail.png\" alt=\"\" width=\"214\" height=\"24\" \/><\/p>\n<p>&nbsp;<\/p>\n<p><strong>Berufshaftpflichtversicherung: <\/strong>Allianz Versicherungs AG<br \/>\nAn den Treptowers 3<br \/>\n12435 Berlin<br \/>\nGeltungsbereich: Deutschland<\/p>\n<h2 style=\"text-align: center;\"><strong>Disclaimer \u2013 rechtliche Hinweise<\/strong><\/h2>\n<p>\u00a7 1 Warnhinweis zu Inhalten<br \/>\nDie kostenlosen und frei zug\u00e4nglichen Inhalte dieser Webseite wurden mit gr\u00f6\u00dftm\u00f6glicher Sorgfalt erstellt. Der Anbieter dieser Webseite \u00fcbernimmt jedoch keine Gew\u00e4hr f\u00fcr die Richtigkeit und Aktualit\u00e4t der bereitgestellten kostenlosen und frei zug\u00e4nglichen journalistischen Ratgeber und Nachrichten. Namentlich gekennzeichnete Beitr\u00e4ge geben die Meinung des jeweiligen Autors und nicht immer die Meinung des Anbieters wieder. Allein durch den Aufruf der kostenlosen und frei zug\u00e4nglichen Inhalte kommt keinerlei Vertragsverh\u00e4ltnis zwischen dem Nutzer und dem Anbieter zustande, insoweit fehlt es am Rechtsbindungswillen des Anbieters.<\/p>\n<p>\u00a7 2 Externe Links<br \/>\nDiese Website enth\u00e4lt Verkn\u00fcpfungen zu Websites Dritter (&#8222;externe Links&#8220;). Diese Websites unterliegen der Haftung der jeweiligen Betreiber. Der Anbieter hat bei der erstmaligen Verkn\u00fcpfung der externen Links die fremden Inhalte daraufhin \u00fcberpr\u00fcft, ob etwaige Rechtsverst\u00f6\u00dfe bestehen. Zu dem Zeitpunkt waren keine Rechtsverst\u00f6\u00dfe ersichtlich. Der Anbieter hat keinerlei Einfluss auf die aktuelle und zuk\u00fcnftige Gestaltung und auf die Inhalte der verkn\u00fcpften Seiten. Das Setzen von externen Links bedeutet nicht, dass sich der Anbieter die hinter dem Verweis oder Link liegenden Inhalte zu Eigen macht. Eine st\u00e4ndige Kontrolle der externen Links ist f\u00fcr den Anbieter ohne konkrete Hinweise auf Rechtsverst\u00f6\u00dfe nicht zumutbar. Bei Kenntnis von Rechtsverst\u00f6\u00dfen werden jedoch derartige externe Links unverz\u00fcglich gel\u00f6scht.<\/p>\n<p>\u00a7 3 Urheber- und Leistungsschutzrechte<br \/>\nDie auf dieser Website ver\u00f6ffentlichten Inhalte unterliegen dem deutschen Urheber- und Leistungsschutzrecht. Jede vom deutschen Urheber- und Leistungsschutzrecht nicht zugelassene Verwertung bedarf der vorherigen schriftlichen Zustimmung des Anbieters oder jeweiligen Rechteinhabers. Dies gilt insbesondere f\u00fcr Vervielf\u00e4ltigung, Bearbeitung, \u00dcbersetzung, Einspeicherung, Verarbeitung bzw. Wiedergabe von Inhalten in Datenbanken oder anderen elektronischen Medien und Systemen. Inhalte und Rechte Dritter sind dabei als solche gekennzeichnet. Die unerlaubte Vervielf\u00e4ltigung oder Weitergabe einzelner Inhalte oder kompletter Seiten ist nicht gestattet und strafbar. Lediglich die Herstellung von Kopien und Downloads f\u00fcr den pers\u00f6nlichen, privaten und nicht kommerziellen Gebrauch ist erlaubt.<\/p>\n<p>Die Darstellung dieser Website in fremden Frames ist nur mit schriftlicher Erlaubnis zul\u00e4ssig.<\/p>\n<p>\u00a7 4 Besondere Nutzungsbedingungen<br \/>\nSoweit besondere Bedingungen f\u00fcr einzelne Nutzungen dieser Website von den vorgenannten Paragraphen abweichen, wird an entsprechender Stelle ausdr\u00fccklich darauf hingewiesen. In diesem Falle gelten im jeweiligen Einzelfall die besonderen Nutzungsbedingungen. Quelle: <a href=\"http:\/\/www.impressum-recht.de\/impressum-generator\/\">Impressum-Generator von Impressum-Recht.de<\/a><\/p>\n<h2 style=\"text-align: center;\"><strong>Datenschutzerkl\u00e4rung:<\/strong><\/h2>\n<p><strong>Datenschutz<\/strong><br \/>\nNachfolgend m\u00f6chten wir Sie \u00fcber unsere Datenschutzerkl\u00e4rung informieren. Sie finden hier Informationen \u00fcber die Erhebung und Verwendung pers\u00f6nlicher Daten bei der Nutzung unserer Webseite. Wir beachten dabei das f\u00fcr Deutschland geltende Datenschutzrecht. Sie k\u00f6nnen diese Erkl\u00e4rung jederzeit auf unserer Webseite abrufen.<\/p>\n<p>Wir weisen ausdr\u00fccklich darauf hin, dass die Daten\u00fcbertragung im Internet (z.B. bei der Kommunikation per E-Mail) Sicherheitsl\u00fccken aufweisen und nicht l\u00fcckenlos vor dem Zugriff durch Dritte gesch\u00fctzt werden kann.<\/p>\n<p>Die Verwendung der Kontaktdaten unseres Impressums zur gewerblichen Werbung ist ausdr\u00fccklich nicht erw\u00fcnscht, es sei denn wir hatten zuvor unsere schriftliche Einwilligung erteilt oder es besteht bereits eine Gesch\u00e4ftsbeziehung. Der Anbieter und alle auf dieser Website genannten Personen widersprechen hiermit jeder kommerziellen Verwendung und Weitergabe ihrer Daten.<\/p>\n<p><strong>Personenbezogene Daten<\/strong><\/p>\n<p>Sie k\u00f6nnen unsere Webseite ohne Angabe personenbezogener Daten besuchen. Soweit auf unseren Seiten personenbezogene Daten (wie Name, Anschrift oder E-Mail Adresse) erhoben werden, erfolgt dies, soweit m\u00f6glich, auf freiwilliger Basis. Diese Daten werden ohne Ihre ausdr\u00fcckliche Zustimmung nicht an Dritte weitergegeben. Sofern zwischen Ihnen und uns ein Vertragsverh\u00e4ltnis begr\u00fcndet, inhaltlich ausgestaltet oder ge\u00e4ndert werden soll oder Sie an uns eine Anfrage stellen, erheben und verwenden wir personenbezogene Daten von Ihnen, soweit dies zu diesen Zwecken erforderlich ist (Bestandsdaten). Wir erheben, verarbeiten und nutzen personenbezogene Daten soweit dies erforderlich ist, um Ihnen die Inanspruchnahme des Webangebots zu erm\u00f6glichen (Nutzungsdaten). S\u00e4mtliche personenbezogenen Daten werden nur solange gespeichert wie dies f\u00fcr den geannten Zweck (Bearbeitung Ihrer Anfrage oder Abwicklung eines Vertrags) erforderlich ist. Hierbei werden steuer- und handelsrechtliche Aufbewahrungsfristen ber\u00fccksichtigt. Auf Anordnung der zust\u00e4ndigen Stellen d\u00fcrfen wir im Einzelfall Auskunft \u00fcber diese Daten (Bestandsdaten) erteilen, soweit dies f\u00fcr Zwecke der Strafverfolgung, zur Gefahrenabwehr, zur Erf\u00fcllung der gesetzlichen Aufgaben der Verfassungsschutzbeh\u00f6rden oder des Milit\u00e4rischen Abschirmdienstes oder zur Durchsetzung der Rechte am geistigen Eigentum erforderlich ist.<\/p>\n<p><strong>Arten der verarbeiteten Daten:<\/strong><\/p>\n<p>&#8211; Bestandsdaten (z.B., Namen, Adressen).<br \/>\n&#8211; Kontaktdaten (z.B., E-Mail, Telefonnummern).<br \/>\n&#8211; Inhaltsdaten (z.B., Texteingaben, Fotografien, Videos).<br \/>\n&#8211; Nutzungsdaten (z.B., besuchte Webseiten, Interesse an Inhalten, Zugriffszeiten).<br \/>\n&#8211; Meta-\/Kommunikationsdaten (z.B., Ger\u00e4te-Informationen, IP-Adressen).<\/p>\n<p><strong>Ma\u00dfgebliche Rechtsgrundlagen<\/strong><\/p>\n<p>Nach Ma\u00dfgabe des Art. 13 DSGVO teilen wir Ihnen die Rechtsgrundlagen unserer Datenverarbeitungen mit. Sofern die Rechtsgrundlage in der Datenschutzerkl\u00e4rung nicht genannt wird, gilt Folgendes: Die Rechtsgrundlage f\u00fcr die Einholung von Einwilligungen ist Art. 6 Abs. 1 lit. a und Art. 7 DSGVO, die Rechtsgrundlage f\u00fcr die Verarbeitung zur Erf\u00fcllung unserer Leistungen und Durchf\u00fchrung vertraglicher Ma\u00dfnahmen sowie Beantwortung von Anfragen ist Art. 6 Abs. 1 lit. b DSGVO, die Rechtsgrundlage f\u00fcr die Verarbeitung zur Erf\u00fcllung unserer rechtlichen Verpflichtungen ist Art. 6 Abs. 1 lit. c DSGVO, und die Rechtsgrundlage f\u00fcr die Verarbeitung zur Wahrung unserer berechtigten Interessen ist Art. 6 Abs. 1 lit. f DSGVO. F\u00fcr den Fall, dass lebenswichtige Interessen der betroffenen Person oder einer anderen nat\u00fcrlichen Person eine Verarbeitung personenbezogener Daten erforderlich machen, dient Art. 6 Abs. 1 lit. d DSGVO als Rechtsgrundlage.<\/p>\n<p><strong>Sicherheitsma\u00dfnahmen<\/strong><\/p>\n<p>Wir treffen nach Ma\u00dfgabe des Art. 32 DSGVO unter Ber\u00fccksichtigung des Stands der Technik, der Implementierungskosten und der Art, des Umfangs, der Umst\u00e4nde und der Zwecke der Verarbeitung sowie der unterschiedlichen Eintrittswahrscheinlichkeit und Schwere des Risikos f\u00fcr die Rechte und Freiheiten nat\u00fcrlicher Personen, geeignete technische und organisatorische Ma\u00dfnahmen, um ein dem Risiko angemessenes Schutzniveau zu gew\u00e4hrleisten.<\/p>\n<p>Zu den Ma\u00dfnahmen geh\u00f6ren insbesondere die Sicherung der Vertraulichkeit, Integrit\u00e4t und Verf\u00fcgbarkeit von Daten durch Kontrolle des physischen Zugangs zu den Daten, als auch des sie betreffenden Zugriffs, der Eingabe, Weitergabe, der Sicherung der Verf\u00fcgbarkeit und ihrer Trennung. Des Weiteren haben wir Verfahren eingerichtet, die eine Wahrnehmung von Betroffenenrechten, L\u00f6schung von Daten und Reaktion auf Gef\u00e4hrdung der Daten gew\u00e4hrleisten. Ferner ber\u00fccksichtigen wir den Schutz personenbezogener Daten bereits bei der Entwicklung, bzw. Auswahl von Hardware, Software sowie Verfahren, entsprechend dem Prinzip des Datenschutzes durch Technikgestaltung und durch datenschutzfreundliche Voreinstellungen (Art. 25 DSGVO).<\/p>\n<p><strong>Rechte der betroffenen Personen<\/strong><\/p>\n<p>Sie haben das Recht, eine Best\u00e4tigung dar\u00fcber zu verlangen, ob betreffende Daten verarbeitet werden und auf Auskunft \u00fcber diese Daten sowie auf weitere Informationen und Kopie der Daten entsprechend Art. 15 DSGVO.<\/p>\n<p>Sie haben entsprechend. Art. 16 DSGVO das Recht, die Vervollst\u00e4ndigung der Sie betreffenden Daten oder die Berichtigung der Sie betreffenden unrichtigen Daten zu verlangen.<\/p>\n<p>Sie haben nach Ma\u00dfgabe des Art. 17 DSGVO das Recht zu verlangen, dass betreffende Daten unverz\u00fcglich gel\u00f6scht werden, bzw. alternativ nach Ma\u00dfgabe des Art. 18 DSGVO eine Einschr\u00e4nkung der Verarbeitung der Daten zu verlangen.<\/p>\n<p>Sie haben das Recht zu verlangen, dass die Sie betreffenden Daten, die Sie uns bereitgestellt haben nach Ma\u00dfgabe des Art. 20 DSGVO zu erhalten und deren \u00dcbermittlung an andere Verantwortliche zu fordern.<\/p>\n<p>Sie haben ferner gem. Art. 77 DSGVO das Recht, eine Beschwerde bei der zust\u00e4ndigen Aufsichtsbeh\u00f6rde einzureichen.<\/p>\n<p><strong>Widerrufsrecht<\/strong><\/p>\n<p>Sie haben das Recht, erteilte Einwilligungen gem. Art. 7 Abs. 3 DSGVO mit Wirkung f\u00fcr die Zukunft zu widerrufen<\/p>\n<p><strong>Widerspruchsrecht<\/strong><\/p>\n<p>Sie k\u00f6nnen der k\u00fcnftigen Verarbeitung der Sie betreffenden Daten nach Ma\u00dfgabe des Art. 21 DSGVO jederzeit widersprechen. Der Widerspruch kann insbesondere gegen die Verarbeitung f\u00fcr Zwecke der Direktwerbung erfolgen.<\/p>\n<p id=\"dsg-general-erasure\"><strong>L\u00f6schung von Daten<\/strong><\/p>\n<p>Die von uns verarbeiteten Daten werden nach Ma\u00dfgabe der Art. 17 und 18 DSGVO gel\u00f6scht oder in ihrer Verarbeitung eingeschr\u00e4nkt. Sofern nicht im Rahmen dieser Datenschutzerkl\u00e4rung ausdr\u00fccklich angegeben, werden die bei uns gespeicherten Daten gel\u00f6scht, sobald sie f\u00fcr ihre Zweckbestimmung nicht mehr erforderlich sind und der L\u00f6schung keine gesetzlichen Aufbewahrungspflichten entgegenstehen. Sofern die Daten nicht gel\u00f6scht werden, weil sie f\u00fcr andere und gesetzlich zul\u00e4ssige Zwecke erforderlich sind, wird deren Verarbeitung eingeschr\u00e4nkt. D.h. die Daten werden gesperrt und nicht f\u00fcr andere Zwecke verarbeitet. Das gilt z.B. f\u00fcr Daten, die aus handels- oder steuerrechtlichen Gr\u00fcnden aufbewahrt werden m\u00fcssen.<\/p>\n<p>Nach gesetzlichen Vorgaben in Deutschland, erfolgt die Aufbewahrung insbesondere f\u00fcr 10 Jahre gem\u00e4\u00df \u00a7\u00a7 147 Abs. 1 AO, 257 Abs. 1 Nr. 1 und 4, Abs. 4 HGB (B\u00fccher, Aufzeichnungen, Lageberichte, Buchungsbelege, Handelsb\u00fccher, f\u00fcr Besteuerung relevanter Unterlagen, etc.) und 6 Jahre gem\u00e4\u00df \u00a7 257 Abs. 1 Nr. 2 und 3, Abs. 4 HGB (Handelsbriefe).<\/p>\n<p>Nach gesetzlichen Vorgaben in \u00d6sterreich erfolgt die Aufbewahrung insbesondere f\u00fcr 7 J gem\u00e4\u00df \u00a7 132 Abs. 1 BAO (Buchhaltungsunterlagen, Belege\/Rechnungen, Konten, Belege, Gesch\u00e4ftspapiere, Aufstellung der Einnahmen und Ausgaben, etc.), f\u00fcr 22 Jahre im Zusammenhang mit Grundst\u00fccken und f\u00fcr 10 Jahre bei Unterlagen im Zusammenhang mit elektronisch erbrachten Leistungen, Telekommunikations-, Rundfunk- und Fernsehleistungen, die an Nichtunternehmer in EU-Mitgliedstaaten erbracht werden und f\u00fcr die der Mini-One-Stop-Shop (MOSS) in Anspruch genommen wird.<\/p>\n<p id=\"dsg-commercialpurpose\"><strong>Gesch\u00e4ftsbezogene Verarbeitung<\/strong><\/p>\n<p><span class=\"ts-muster-content\">Zus\u00e4tzlich verarbeiten wir<br \/>\n&#8211; Vertragsdaten (z.B., Vertragsgegenstand, Laufzeit, Kundenkategorie).<br \/>\n&#8211; Zahlungsdaten (z.B., Bankverbindung, Zahlungshistorie)<br \/>\nvon unseren Kunden, Interessenten und Gesch\u00e4ftspartner zwecks Erbringung vertraglicher Leistungen, Service und Kundenpflege, Marketing, Werbung und Marktforschung.<\/span><\/p>\n<p id=\"dsg-therapycoach\"><strong>Therapeutische Leistungen und Coaching<\/strong><\/p>\n<p><span class=\"ts-muster-content\">Wir verarbeiten die Daten unserer Klienten und Interessenten und anderer Auftraggeber oder Vertragspartner (einheitlich bezeichnet als \u201eKlienten\u201c) entsprechend Art. 6 Abs. 1 lit. b) DSGVO, um ihnen gegen\u00fcber unsere vertraglichen oder vorvertraglichen Leistungen zu erbringen. Die hierbei verarbeiteten Daten, die Art, der Umfang und der Zweck und die Erforderlichkeit ihrer Verarbeitung, bestimmen sich nach dem zugrundeliegenden Vertragsverh\u00e4ltnis. Zu den verarbeiteten Daten geh\u00f6ren grunds\u00e4tzlich Bestands- und Stammdaten der Klienten (z.B., Name, Adresse, etc.), als auch die Kontaktdaten (z.B., E-Mailadresse, Telefon, etc.), die Vertragsdaten (z.B., in Anspruch genommene Leistungen, Honorare, Namen von Kontaktpersonen, etc.) und Zahlungsdaten (z.B., Bankverbindung, Zahlungshistorie, etc.).<\/span><\/p>\n<p>Im Rahmen unserer Leistungen, k\u00f6nnen wir ferner besondere Kategorien von Daten gem. Art. 9 Abs. 1 DSGVO, insbesondere Angaben zur Gesundheit der Klienten, ggf. mit Bezug zu deren Sexualleben oder der sexuellen Orientierung, ethnischer Herkunft oder religi\u00f6sen oder weltanschaulichen \u00dcberzeugunge, verarbeiten. Hierzu holen wir, sofern erforderlich, gem. Art. 6 Abs. 1 lit. a., Art. 7, Art. 9 Abs. 2 lit. a. DSGVO eine ausdr\u00fcckliche Einwilligung der Klienten ein und verarbeiten die besonderen Kategorien von Daten ansonsten zu Zwecken der Gesundheitsvorsorge auf Grundlage des Art. 9 Abs. 2 lit h. DSGVO, \u00a7 22 Abs. 1 Nr. 1 b. BDSG.<\/p>\n<p>Sofern f\u00fcr die Vertragserf\u00fcllung oder gesetzlich erforderlich, offenbaren oder \u00fcbermitteln wir die Daten der Klienten im Rahmen der Kommunikation mit anderen Fachkr\u00e4ften, an der Vertragserf\u00fcllung erforderlicherweise oder typischerweise beteiligten Dritten, wie z.B. Abrechnungsstellen oder vergleichbare Dienstleister, sofern dies der Erbringung unserer Leistungen gem. Art. 6 Abs. 1 lit b. DSGVO dient, gesetzlich gem. Art. 6 Abs. 1 lit c. DSGVO vorgeschrieben ist, unseren Interessen oder denen der Klienten an einer effizienten und kosteng\u00fcnstigen Gesundheitsversorgung als berechtigtes Interesse gem. Art. 6 Abs. 1 lit f. DSGVO dient oder gem. Art. 6 Abs. 1 lit d. DSGVO notwendig ist. um lebenswichtige Interessen der Klienten oder einer anderen nat\u00fcrlichen Person zu sch\u00fctzen oder im Rahmen einer Einwilligung gem. Art. 6 Abs. 1 lit. a., Art. 7 DSGVO.<\/p>\n<p>Die L\u00f6schung der Daten erfolgt, wenn die Daten zur Erf\u00fcllung vertraglicher oder gesetzlicher F\u00fcrsorgepflichten sowie Umgang mit etwaigen Gew\u00e4hrleistungs- und vergleichbaren Pflichten nicht mehr erforderlich ist, wobei die Erforderlichkeit der Aufbewahrung der Daten alle drei Jahre \u00fcberpr\u00fcft wird; im \u00dcbrigen gelten die gesetzlichen Aufbewahrungspflichten.<\/p>\n<p id=\"dsg-administration\"><strong>Administration, Finanzbuchhaltung, B\u00fcroorganisation, Kontaktverwaltung<\/strong><\/p>\n<p><span class=\"ts-muster-content\">Wir verarbeiten Daten im Rahmen von Verwaltungsaufgaben sowie Organisation unseres Betriebs, Finanzbuchhaltung und Befolgung der gesetzlichen Pflichten, wie z.B. der Archivierung. Hierbei verarbeiten wir dieselben Daten, die wir im Rahmen der Erbringung unserer vertraglichen Leistungen verarbeiten. Die Verarbeitungsgrundlagen sind Art. 6 Abs. 1 lit. c. DSGVO, Art. 6 Abs. 1 lit. f. DSGVO. Von der Verarbeitung sind Kunden, Interessenten, Gesch\u00e4ftspartner und Websitebesucher betroffen. Der Zweck und unser Interesse an der Verarbeitung liegt in der Administration, Finanzbuchhaltung, B\u00fcroorganisation, Archivierung von Daten, also Aufgaben die der Aufrechterhaltung unserer Gesch\u00e4ftst\u00e4tigkeiten, Wahrnehmung unserer Aufgaben und Erbringung unserer Leistungen dienen. Die L\u00f6schung der Daten im Hinblick auf vertragliche Leistungen und die vertragliche Kommunikation entspricht den, bei diesen Verarbeitungst\u00e4tigkeiten genannten Angaben.<\/span><\/p>\n<p>Wir offenbaren oder \u00fcbermitteln hierbei Daten an die Finanzverwaltung, Berater, wie z.B., Steuerberater oder Wirtschaftspr\u00fcfer sowie weitere Geb\u00fchrenstellen und Zahlungsdienstleister.<\/p>\n<p>Ferner speichern wir auf Grundlage unserer betriebswirtschaftlichen Interessen Angaben zu Lieferanten, Veranstaltern und sonstigen Gesch\u00e4ftspartnern, z.B. zwecks sp\u00e4terer Kontaktaufnahme. Diese mehrheitlich unternehmensbezogenen Daten, speichern wir grunds\u00e4tzlich dauerhaft.<\/p>\n<p id=\"dsg-contact\"><strong>Kontaktaufnahme<\/strong><\/p>\n<p><span class=\"ts-muster-content\">Bei der Kontaktaufnahme mit uns (z.B. per Kontaktformular, E-Mail, Telefon oder via sozialer Medien) werden die Angaben des Nutzers zur Bearbeitung der Kontaktanfrage und deren Abwicklung gem. Art. 6 Abs. 1 lit. b. (im Rahmen vertraglicher-\/vorvertraglicher Beziehungen), Art. 6 Abs. 1 lit. f. (andere Anfragen) DSGVO verarbeitet.. Die Angaben der Nutzer k\u00f6nnen in einem Customer-Relationship-Management System (&#8222;CRM System&#8220;) oder vergleichbarer Anfragenorganisation gespeichert werden.<\/span><\/p>\n<p>Wir l\u00f6schen die Anfragen, sofern diese nicht mehr erforderlich sind. Wir \u00fcberpr\u00fcfen die Erforderlichkeit alle zwei Jahre; Ferner gelten die gesetzlichen Archivierungspflichten.<\/p>\n<p id=\"dsg-hostingprovider\"><strong>Hosting und E-Mail-Versand<\/strong><\/p>\n<p><span class=\"ts-muster-content\">Die von uns in Anspruch genommenen Hosting-Leistungen dienen der Zurverf\u00fcgungstellung der folgenden Leistungen: Infrastruktur- und Plattformdienstleistungen, Rechenkapazit\u00e4t, Speicherplatz und Datenbankdienste, E-Mail-Versand, Sicherheitsleistungen sowie technische Wartungsleistungen, die wir zum Zwecke des Betriebs dieses Onlineangebotes einsetzen.<\/span><\/p>\n<p>Hierbei verarbeiten wir, bzw. unser Hostinganbieter Bestandsdaten, Kontaktdaten, Inhaltsdaten, Vertragsdaten, Nutzungsdaten, Meta- und Kommunikationsdaten von Kunden, Interessenten und Besuchern dieses Onlineangebotes auf Grundlage unserer berechtigten Interessen an einer effizienten und sicheren Zurverf\u00fcgungstellung dieses Onlineangebotes gem. Art. 6 Abs. 1 lit. f DSGVO i.V.m. Art. 28 DSGVO (Abschluss Auftragsverarbeitungsvertrag).<\/p>\n<p id=\"dsg-logfiles\"><strong>Erhebung von Zugriffsdaten und Logfiles<\/strong><\/p>\n<p><span class=\"ts-muster-content\">Wir, bzw. unser Hostinganbieter, erhebt auf Grundlage unserer berechtigten Interessen im Sinne des Art. 6 Abs. 1 lit. f. DSGVO Daten \u00fcber jeden Zugriff auf den Server, auf dem sich dieser Dienst befindet (sogenannte Serverlogfiles). Zu den Zugriffsdaten geh\u00f6ren Name der abgerufenen Webseite, Datei, Datum und Uhrzeit des Abrufs, \u00fcbertragene Datenmenge, Meldung \u00fcber erfolgreichen Abruf, Browsertyp nebst Version, das Betriebssystem des Nutzers, Referrer URL (die zuvor besuchte Seite), IP-Adresse und der anfragende Provider.<\/span><\/p>\n<p>Logfile-Informationen werden aus Sicherheitsgr\u00fcnden (z.B. zur Aufkl\u00e4rung von Missbrauchs- oder Betrugshandlungen) f\u00fcr die Dauer von maximal 7 Tagen gespeichert und danach gel\u00f6scht. Daten, deren weitere Aufbewahrung zu Beweiszwecken erforderlich ist, sind bis zur endg\u00fcltigen Kl\u00e4rung des jeweiligen Vorfalls von der L\u00f6schung ausgenommen.<\/p>\n<p><strong>Google Maps<\/strong><\/p>\n<p>Diese Webseite verwendet das Produkt Google Maps von Google Inc. Durch Nutzung dieser Webseite erkl\u00e4ren Sie sich mit der Erfassung, Bearbeitung sowie Nutzung der automatisiert erhobenen Daten durch Google Inc, deren Vertreter sowie Dritter einverstanden.<br \/>\nDie Nutzungsbedingungen von Google Maps finden sie unter &#8222;Nutzungsbedingungen von Google Maps&#8220;.<\/p>\n<p><em>Abge\u00e4ndert durch den Betreiber dieser Website.<\/em><br \/>\n<a class=\"dsg1-5\" href=\"https:\/\/datenschutz-generator.de\/\" target=\"_blank\" rel=\"nofollow noopener noreferrer\">Erstellt mit Datenschutz-Generator.de von RA Dr. Thomas Schwenke<\/a><\/p>\n<div class=\"shariff\" data-title=\"Impressum\" data-info-url=\"http:\/\/ct.de\/-2467514\" data-backend-url=\"https:\/\/yogakurse-splitthof.de\/wp-content\/plugins\/shariff-sharing\/backend\/index.php\" data-temp=\"\/tmp\" data-ttl=\"60\" data-service=\"gf\" data-services='[\"googleplus\",\"facebook\",\"whatsapp\",\"info\"]' data-image=\"https:\/\/yogakurse-splitthof.de\/wp-content\/uploads\/2024\/03\/fotomail.png\" data-url=\"https:\/\/yogakurse-splitthof.de\/?page_id=1279\" data-lang=\"de\" data-theme=\"color\" data-orientation=\"horizontal\"><\/div>","protected":false},"excerpt":{"rendered":"<p>Impressum Christina Splitthof Yogalehrerin Ortsstra\u00dfe 88 07907 L\u00f6hma Telefon: 03663410985 &nbsp; Berufshaftpflichtversicherung: Allianz Versicherungs AG An den Treptowers 3 12435 Berlin Geltungsbereich: Deutschland Disclaimer \u2013 rechtliche Hinweise \u00a7 1 Warnhinweis zu Inhalten Die kostenlosen und frei zug\u00e4nglichen Inhalte dieser Webseite wurden mit gr\u00f6\u00dftm\u00f6glicher Sorgfalt erstellt. Der Anbieter dieser Webseite \u00fcbernimmt jedoch keine Gew\u00e4hr f\u00fcr die <a href=\"https:\/\/yogakurse-splitthof.de\/?page_id=1279\">Continue reading &#8594;<\/a><\/p>\n","protected":false},"author":1,"featured_media":0,"parent":0,"menu_order":0,"comment_status":"closed","ping_status":"closed","template":"","meta":{"_mc_calendar":[],"footnotes":""},"class_list":["post-1279","page","type-page","status-publish","hentry"],"_links":{"self":[{"href":"https:\/\/yogakurse-splitthof.de\/index.php?rest_route=\/wp\/v2\/pages\/1279","targetHints":{"allow":["GET"]}}],"collection":[{"href":"https:\/\/yogakurse-splitthof.de\/index.php?rest_route=\/wp\/v2\/pages"}],"about":[{"href":"https:\/\/yogakurse-splitthof.de\/index.php?rest_route=\/wp\/v2\/types\/page"}],"author":[{"embeddable":true,"href":"https:\/\/yogakurse-splitthof.de\/index.php?rest_route=\/wp\/v2\/users\/1"}],"replies":[{"embeddable":true,"href":"https:\/\/yogakurse-splitthof.de\/index.php?rest_route=%2Fwp%2Fv2%2Fcomments&post=1279"}],"version-history":[{"count":3,"href":"https:\/\/yogakurse-splitthof.de\/index.php?rest_route=\/wp\/v2\/pages\/1279\/revisions"}],"predecessor-version":[{"id":1862,"href":"https:\/\/yogakurse-splitthof.de\/index.php?rest_route=\/wp\/v2\/pages\/1279\/revisions\/1862"}],"wp:attachment":[{"href":"https:\/\/yogakurse-splitthof.de\/index.php?rest_route=%2Fwp%2Fv2%2Fmedia&parent=1279"}],"curies":[{"name":"wp","href":"https:\/\/api.w.org\/{rel}","templated":true}]}}