{"id":1328,"date":"2020-04-04T21:57:45","date_gmt":"2020-04-04T19:57:45","guid":{"rendered":"http:\/\/yogakurse-splitthof.de\/?page_id=1328"},"modified":"2026-03-26T12:32:06","modified_gmt":"2026-03-26T11:32:06","slug":"1328-2","status":"publish","type":"page","link":"https:\/\/yogakurse-splitthof.de\/","title":{"rendered":""},"content":{"rendered":"<h2 style=\"text-align: center;\"><img loading=\"lazy\" decoding=\"async\" class=\"wp-image-1339 aligncenter\" src=\"https:\/\/yogakurse-splitthof.de\/wp-content\/uploads\/2020\/04\/kerze.jpg\" alt=\"\" width=\"545\" height=\"291\" \/><b><b><\/b><\/b><\/h2>\n<h2><\/h2>\n<h2 style=\"text-align: center;\"><b><b>Unser<\/b> Ursprung ist im Licht &#8211; und das ist auch unser Ziel<\/b><\/h2>\n<p>Yoga wirkt sich positiv auf K\u00f6rper und Seele aus. Die aus Indien stammenden \u00dcbungen bedeuten dabei mehr als \u00abnur\u00bb k\u00f6rperliche Bet\u00e4tigung \u2013 denn sie umfassen Atemtechniken ebenso wie Meditationssequenzen zur Beruhigung des Geistes.<\/p>\n<p>In meinen Yogakursen an verschiedenen Orten in der N\u00e4he von Schleiz m\u00f6chte ich Dich an die wunderbaren M\u00f6glichkeiten des Yoga heranf\u00fchren. Ob <span style=\"color: #99cc00;\"><a style=\"color: #99cc00;\" href=\"https:\/\/yogakurse-splitthof.de\/?page_id=32\" rel=\"noopener\">Yoga in Kombination mit Fasten<\/a><\/span> oder <span style=\"color: #99cc00;\"><a style=\"color: #99cc00;\" href=\"https:\/\/yogakurse-splitthof.de\/?page_id=36\" rel=\"noopener\">Kundalini-Yoga<\/a><\/span>, die Urmutter des Yogas \u2013 meine Kurse und Workshops haben zum Ziel, den hektischen Alltag f\u00fcr einen Augenblick zu vergessen und sich vollkommen auf den Moment in der Tiefe des Geistes zu fokussieren.<\/p>\n<p>St\u00f6bere gerne durch mein Angebot, schau Dir meinen <span style=\"color: #99cc00;\"><a style=\"color: #99cc00;\" href=\"https:\/\/yogakurse-splitthof.de\/?page_id=434\" rel=\"noopener\">Yoga-Raum in L\u00f6hma<\/a><\/span> an oder kontaktiere mich, wenn Du Fragen hast.<br \/>\n<em>Ich freue mich darauf, Dich bald bei mir begr\u00fc\u00dfen zu d\u00fcrfen.<\/em><\/p>\n<p>Sat Nam,<\/p>\n<p>Christina<\/p>\n<hr \/>\n<p style=\"text-align: center;\"><span style=\"color: #ff6600;\"><strong>Die neuen Kurse\u00a0 starten nach Ostern .<\/strong><\/span><\/p>\n<p style=\"text-align: center;\"><span style=\"color: #ff6600;\"><strong>Die Termine findest Du hier im <a href=\"https:\/\/yogakurse-splitthof.de\/?page_id=13\">Kalender<\/a>.<\/strong><\/span><\/p>\n<p style=\"text-align: center;\"><span style=\"color: #ff6600;\"><strong>Bitte meldet Euch rechtzeitig verbindlich an, da die Pl\u00e4tze begrenzt sind.<\/strong><\/span><\/p>\n<p>&nbsp;<\/p>\n<p>Die Kurse laufen wie gewohnt \u00fcber 10\/11 Wochen oder mit 10er -Karte.<\/p>\n<p><strong>Keine Kurse sind vom 03.04- 14.04. 2026.<\/strong><\/p>\n<p>&nbsp;<\/p>\n<p><span style=\"color: #99cc00;\"><strong>Im Jahr 2026\u00a0 gibt es folgende Fastentermine:<\/strong><\/span><\/p>\n<p><strong><span style=\"color: #99cc00;\">&#8211; 28.02. &#8211; 06.03.2026\u00a0<\/span><\/strong><\/p>\n<p><strong><span style=\"color: #99cc00;\">&#8211; 04.07. &#8211; 10.07. 2026<\/span><\/strong><\/p>\n<p><span style=\"color: #99cc00;\"><strong>&#8211; 24.10. &#8211; 30.10. 2026<\/strong><\/span><\/p>\n<p><strong><span style=\"color: #ff6600;\">Bleibt alle sch\u00f6n gesund, nutzt diese besondere Zeit, um zur Ruhe zu kommen, geht viel raus in die Natur, trinkt klares Wasser, f\u00fchlt euch verbunden, mit den Menschen, die mit euch leben, bleibt im Vertrauen, bringt eure St\u00e4rke ein. Wir b\u00fcndeln unser Licht, denn gemeinsam sind wir stark!<\/span><\/strong><\/p>\n<p><strong><span style=\"color: #ff6600;\">Sat Nam Christina<\/span><\/strong><\/p>\n<div class=\"shariff\" data-title=\"\" data-info-url=\"http:\/\/ct.de\/-2467514\" data-backend-url=\"https:\/\/yogakurse-splitthof.de\/wp-content\/plugins\/shariff-sharing\/backend\/index.php\" data-temp=\"\/tmp\" data-ttl=\"60\" data-service=\"gf\" data-services='[\"googleplus\",\"facebook\",\"whatsapp\",\"info\"]' data-image=\"https:\/\/yogakurse-splitthof.de\/wp-content\/uploads\/2020\/04\/kerze.jpg\" data-url=\"https:\/\/yogakurse-splitthof.de\/\" data-lang=\"de\" data-theme=\"color\" data-orientation=\"horizontal\"><\/div>","protected":false},"excerpt":{"rendered":"<p>Unser Ursprung ist im Licht &#8211; und das ist auch unser Ziel Yoga wirkt sich positiv auf K\u00f6rper und Seele aus. Die aus Indien stammenden \u00dcbungen bedeuten dabei mehr als \u00abnur\u00bb k\u00f6rperliche Bet\u00e4tigung \u2013 denn sie umfassen Atemtechniken ebenso wie Meditationssequenzen zur Beruhigung des Geistes. In meinen Yogakursen an verschiedenen Orten in der N\u00e4he von <a href=\"https:\/\/yogakurse-splitthof.de\/\">Continue reading &#8594;<\/a><\/p>\n","protected":false},"author":1,"featured_media":0,"parent":0,"menu_order":0,"comment_status":"closed","ping_status":"closed","template":"","meta":{"_mc_calendar":[],"footnotes":""},"class_list":["post-1328","page","type-page","status-publish","hentry"],"_links":{"self":[{"href":"https:\/\/yogakurse-splitthof.de\/index.php?rest_route=\/wp\/v2\/pages\/1328","targetHints":{"allow":["GET"]}}],"collection":[{"href":"https:\/\/yogakurse-splitthof.de\/index.php?rest_route=\/wp\/v2\/pages"}],"about":[{"href":"https:\/\/yogakurse-splitthof.de\/index.php?rest_route=\/wp\/v2\/types\/page"}],"author":[{"embeddable":true,"href":"https:\/\/yogakurse-splitthof.de\/index.php?rest_route=\/wp\/v2\/users\/1"}],"replies":[{"embeddable":true,"href":"https:\/\/yogakurse-splitthof.de\/index.php?rest_route=%2Fwp%2Fv2%2Fcomments&post=1328"}],"version-history":[{"count":66,"href":"https:\/\/yogakurse-splitthof.de\/index.php?rest_route=\/wp\/v2\/pages\/1328\/revisions"}],"predecessor-version":[{"id":2007,"href":"https:\/\/yogakurse-splitthof.de\/index.php?rest_route=\/wp\/v2\/pages\/1328\/revisions\/2007"}],"wp:attachment":[{"href":"https:\/\/yogakurse-splitthof.de\/index.php?rest_route=%2Fwp%2Fv2%2Fmedia&parent=1328"}],"curies":[{"name":"wp","href":"https:\/\/api.w.org\/{rel}","templated":true}]}}