{"id":160,"date":"2015-07-29T16:54:05","date_gmt":"2015-07-29T14:54:05","guid":{"rendered":"http:\/\/yogakurse-splitthof.de\/?page_id=160"},"modified":"2015-10-14T09:35:02","modified_gmt":"2015-10-14T07:35:02","slug":"hormon-yoga-2","status":"publish","type":"page","link":"https:\/\/yogakurse-splitthof.de\/?page_id=160","title":{"rendered":"Hormon-Yoga"},"content":{"rendered":"<blockquote><p><strong>Du kannst die Wellen nicht aufhalten, aber lernen, auf ihnen zu reiten.\u00a0( Swami Satchidananda )<\/strong><\/p><\/blockquote>\n<p>Unser Organismus durchl\u00e4uft st\u00e4ndig Ver\u00e4nderungen, mit denen wir immer wieder lernen d\u00fcrfen, umzugehen.<\/p>\n<p>Mit den Wechseljahren verbinden sich gr\u00f6\u00dfere Ver\u00e4nderungen, die manche Frauen mit unangenehmen Begleiterscheinungen wie Hitzewallungen, Schlafst\u00f6rungen, Gewichtszunahme, Depressionen erleben. Die meisten dieser Symptome gehen auf ein hormonelles Ungleichgewicht zur\u00fcck und bringen oft Unsicherheiten und Sorgen mit sich.<\/p>\n<p>Der Kurs Hormonyoga richtet sich an Frauen vor und in den Wechseljahren, die etwas f\u00fcr ihr Wohlbefinden tun m\u00f6chten.<\/p>\n<p>Wenn wir uns auf diese Zeit des Umbruchs bewusst vorbereiten und uns mit mehr Wissen darauf einstimmen, kann unser Organismus sich mehr oder weniger problemlos auf die Menopause, das Ende der reproduktiven Phase einer Frau, einstellen.<\/p>\n<p>Wir lernen wirkungsvolle \u00dcbungen aus verschiedenen\u00a0\u00a0 Yogarichtungen, die helfen, die k\u00f6rpereigene Hormonbildung zu reaktivieren und die Beschwerden oft lindern und uns wieder mehr Stabilit\u00e4t geben. Mit Atem\u00fcbungen und Meditationen kommen wir zur Ruhe und Ausgeglichenheit. Auch Hinweise aus dem Ayurveda und der Kr\u00e4uterkunde unterst\u00fctzen uns, mit einfachen, nat\u00fcrlichen Mitteln gesund und froh zu bleiben.<\/p>\n<p>Sie \u00fcben Loslassen vom Bisherigem und Einlassen auf das Neue, erfahren Austausch mit anderen Frauen und gehen vielleicht freudiger auf das Geschenk dieser Zeit zu. Eine Zeit, in der wir unsere weiblichen Kr\u00e4fte voll entfalten k\u00f6nnen und die wir mit Mut und Kreativit\u00e4t leben sollten.<\/p>\n<p>Frauen mit hormonabh\u00e4ngigen Tumoren, Myomen oder Geschw\u00fcren in der Geb\u00e4rmutter sollten nur nach R\u00fccksprache mit ihrem Arzt Hormonyoga praktizieren.<\/p>\n<p>Ich freue mich auf unsere Begegnung.<\/p>\n<p>Mitzubringen: bequeme Bekleidung, Isomatte, Decke, warme Socken, eine kleine Flasche Wasser.<\/p>\n<div class=\"shariff\" data-title=\"Hormon-Yoga\" data-info-url=\"http:\/\/ct.de\/-2467514\" data-backend-url=\"https:\/\/yogakurse-splitthof.de\/wp-content\/plugins\/shariff-sharing\/backend\/index.php\" data-temp=\"\/tmp\" data-ttl=\"60\" data-service=\"gf\" data-services='[\"googleplus\",\"facebook\",\"whatsapp\",\"info\"]' data-image=\"\" data-url=\"https:\/\/yogakurse-splitthof.de\/?page_id=160\" data-lang=\"de\" data-theme=\"color\" data-orientation=\"horizontal\"><\/div>","protected":false},"excerpt":{"rendered":"<p>Du kannst die Wellen nicht aufhalten, aber lernen, auf ihnen zu reiten.\u00a0( Swami Satchidananda ) Unser Organismus durchl\u00e4uft st\u00e4ndig Ver\u00e4nderungen, mit denen wir immer wieder lernen d\u00fcrfen, umzugehen. Mit den Wechseljahren verbinden sich gr\u00f6\u00dfere Ver\u00e4nderungen, die manche Frauen mit unangenehmen Begleiterscheinungen wie Hitzewallungen, Schlafst\u00f6rungen, Gewichtszunahme, Depressionen erleben. Die meisten dieser Symptome gehen auf ein hormonelles <a href=\"https:\/\/yogakurse-splitthof.de\/?page_id=160\">Continue reading &#8594;<\/a><\/p>\n","protected":false},"author":1,"featured_media":0,"parent":0,"menu_order":0,"comment_status":"closed","ping_status":"closed","template":"","meta":{"_mc_calendar":[],"footnotes":""},"class_list":["post-160","page","type-page","status-publish","hentry"],"_links":{"self":[{"href":"https:\/\/yogakurse-splitthof.de\/index.php?rest_route=\/wp\/v2\/pages\/160","targetHints":{"allow":["GET"]}}],"collection":[{"href":"https:\/\/yogakurse-splitthof.de\/index.php?rest_route=\/wp\/v2\/pages"}],"about":[{"href":"https:\/\/yogakurse-splitthof.de\/index.php?rest_route=\/wp\/v2\/types\/page"}],"author":[{"embeddable":true,"href":"https:\/\/yogakurse-splitthof.de\/index.php?rest_route=\/wp\/v2\/users\/1"}],"replies":[{"embeddable":true,"href":"https:\/\/yogakurse-splitthof.de\/index.php?rest_route=%2Fwp%2Fv2%2Fcomments&post=160"}],"version-history":[{"count":4,"href":"https:\/\/yogakurse-splitthof.de\/index.php?rest_route=\/wp\/v2\/pages\/160\/revisions"}],"predecessor-version":[{"id":344,"href":"https:\/\/yogakurse-splitthof.de\/index.php?rest_route=\/wp\/v2\/pages\/160\/revisions\/344"}],"wp:attachment":[{"href":"https:\/\/yogakurse-splitthof.de\/index.php?rest_route=%2Fwp%2Fv2%2Fmedia&parent=160"}],"curies":[{"name":"wp","href":"https:\/\/api.w.org\/{rel}","templated":true}]}}