{"id":168,"date":"2015-07-29T17:09:06","date_gmt":"2015-07-29T15:09:06","guid":{"rendered":"http:\/\/yogakurse-splitthof.de\/?page_id=168"},"modified":"2026-03-26T12:28:56","modified_gmt":"2026-03-26T11:28:56","slug":"einzelunterricht","status":"publish","type":"page","link":"https:\/\/yogakurse-splitthof.de\/?page_id=168","title":{"rendered":"Einzelunterricht"},"content":{"rendered":"<p>Sie k\u00f6nnen den Besuch eines Kurses nicht einrichten und m\u00f6chten aber durch regelm\u00e4\u00dfige Yoga-Praxis mehr f\u00fcr\u00a0ihre Gesundheit und\u00a0ihr Wohlbefinden tun?<\/p>\n<p>Gern erstelle ich mit\u00a0ihnen gemeinsam ein individuelles \u00dcbungsprogramm, angepasst an\u00a0ihre W\u00fcnsche, Ziele, physischen M\u00f6glichkeiten und den aktuellen Gegebenheiten.<\/p>\n<p>Sie\u00a0erhalten eine pers\u00f6nliche Anleitung, damit\u00a0sie gut von den vermittelten K\u00f6rper- und Atem\u00fcbungen, Meditationen profitieren k\u00f6nnen.<\/p>\n<p><strong>Zeit<\/strong>: nach Absprache<\/p>\n<p><strong>Ort<\/strong>: Yogaraum L\u00f6hma<\/p>\n<p><strong>Kosten<\/strong>: 60 Eur\/ 60 Minuten<\/p>\n<p>oder: bei Ihnen zu Hause\/ B\u00fcro , Kosten nach Aufwand in Absprache<\/p>\n<div class=\"shariff\" data-title=\"Einzelunterricht\" data-info-url=\"http:\/\/ct.de\/-2467514\" data-backend-url=\"https:\/\/yogakurse-splitthof.de\/wp-content\/plugins\/shariff-sharing\/backend\/index.php\" data-temp=\"\/tmp\" data-ttl=\"60\" data-service=\"gf\" data-services='[\"googleplus\",\"facebook\",\"whatsapp\",\"info\"]' data-image=\"\" data-url=\"https:\/\/yogakurse-splitthof.de\/?page_id=168\" data-lang=\"de\" data-theme=\"color\" data-orientation=\"horizontal\"><\/div>","protected":false},"excerpt":{"rendered":"<p>Sie k\u00f6nnen den Besuch eines Kurses nicht einrichten und m\u00f6chten aber durch regelm\u00e4\u00dfige Yoga-Praxis mehr f\u00fcr\u00a0ihre Gesundheit und\u00a0ihr Wohlbefinden tun? Gern erstelle ich mit\u00a0ihnen gemeinsam ein individuelles \u00dcbungsprogramm, angepasst an\u00a0ihre W\u00fcnsche, Ziele, physischen M\u00f6glichkeiten und den aktuellen Gegebenheiten. Sie\u00a0erhalten eine pers\u00f6nliche Anleitung, damit\u00a0sie gut von den vermittelten K\u00f6rper- und Atem\u00fcbungen, Meditationen profitieren k\u00f6nnen. Zeit: nach <a href=\"https:\/\/yogakurse-splitthof.de\/?page_id=168\">Continue reading &#8594;<\/a><\/p>\n","protected":false},"author":1,"featured_media":0,"parent":0,"menu_order":0,"comment_status":"closed","ping_status":"closed","template":"","meta":{"_mc_calendar":[],"footnotes":""},"class_list":["post-168","page","type-page","status-publish","hentry"],"_links":{"self":[{"href":"https:\/\/yogakurse-splitthof.de\/index.php?rest_route=\/wp\/v2\/pages\/168","targetHints":{"allow":["GET"]}}],"collection":[{"href":"https:\/\/yogakurse-splitthof.de\/index.php?rest_route=\/wp\/v2\/pages"}],"about":[{"href":"https:\/\/yogakurse-splitthof.de\/index.php?rest_route=\/wp\/v2\/types\/page"}],"author":[{"embeddable":true,"href":"https:\/\/yogakurse-splitthof.de\/index.php?rest_route=\/wp\/v2\/users\/1"}],"replies":[{"embeddable":true,"href":"https:\/\/yogakurse-splitthof.de\/index.php?rest_route=%2Fwp%2Fv2%2Fcomments&post=168"}],"version-history":[{"count":7,"href":"https:\/\/yogakurse-splitthof.de\/index.php?rest_route=\/wp\/v2\/pages\/168\/revisions"}],"predecessor-version":[{"id":2006,"href":"https:\/\/yogakurse-splitthof.de\/index.php?rest_route=\/wp\/v2\/pages\/168\/revisions\/2006"}],"wp:attachment":[{"href":"https:\/\/yogakurse-splitthof.de\/index.php?rest_route=%2Fwp%2Fv2%2Fmedia&parent=168"}],"curies":[{"name":"wp","href":"https:\/\/api.w.org\/{rel}","templated":true}]}}