{"id":18,"date":"2015-07-15T14:55:14","date_gmt":"2015-07-15T12:55:14","guid":{"rendered":"http:\/\/yogakurse-splitthof.de\/?page_id=18"},"modified":"2024-03-09T23:32:05","modified_gmt":"2024-03-09T22:32:05","slug":"kontakt-und-anfahrt","status":"publish","type":"page","link":"https:\/\/yogakurse-splitthof.de\/?page_id=18","title":{"rendered":"Kontakt"},"content":{"rendered":"<p><strong>Yogalehrerin Christina Splitthof<\/strong><\/p>\n<p>Ortsstra\u00dfe 88<\/p>\n<p>07907 L\u00f6hma<\/p>\n<p>Tel.: 03663 410985<\/p>\n<p><img loading=\"lazy\" decoding=\"async\" class=\"wp-image-1859  alignleft\" src=\"https:\/\/yogakurse-splitthof.de\/wp-content\/uploads\/2024\/03\/fotomail.png\" alt=\"\" width=\"205\" height=\"23\" \/><\/p>\n<p>&nbsp;<\/p>\n<p>&nbsp;<\/p>\n<p><iframe loading=\"lazy\" src=\"https:\/\/maps.google.de\/maps?hl=de&amp;q=Ortsstra\u00dfe 88, 07907 L\u00f6hma+(Yogaraum L\u00f6hma)&amp;ie=UTF8&amp;t=&amp;z=11&amp;iwloc=A&amp;output=embed\" width=\"700\" height=\"450\" frameborder=\"0\" marginwidth=\"0\" marginheight=\"0\" scrolling=\"no\"><a href=\"https:\/\/www.siteway.de\/maps-generator\/\" title=\"Karten erstellen\">(c) Homepage Maps Tool<\/a><\/iframe><\/p>\n<div class=\"shariff\" data-title=\"Kontakt\" data-info-url=\"http:\/\/ct.de\/-2467514\" data-backend-url=\"https:\/\/yogakurse-splitthof.de\/wp-content\/plugins\/shariff-sharing\/backend\/index.php\" data-temp=\"\/tmp\" data-ttl=\"60\" data-service=\"gf\" data-services='[\"googleplus\",\"facebook\",\"whatsapp\",\"info\"]' data-image=\"https:\/\/yogakurse-splitthof.de\/wp-content\/uploads\/2024\/03\/fotomail.png\" data-url=\"https:\/\/yogakurse-splitthof.de\/?page_id=18\" data-lang=\"de\" data-theme=\"color\" data-orientation=\"horizontal\"><\/div>","protected":false},"excerpt":{"rendered":"<p>Yogalehrerin Christina Splitthof Ortsstra\u00dfe 88 07907 L\u00f6hma Tel.: 03663 410985 &nbsp; &nbsp; (c) Homepage Maps Tool<\/p>\n","protected":false},"author":1,"featured_media":0,"parent":0,"menu_order":0,"comment_status":"closed","ping_status":"closed","template":"","meta":{"_mc_calendar":[],"footnotes":""},"class_list":["post-18","page","type-page","status-publish","hentry"],"_links":{"self":[{"href":"https:\/\/yogakurse-splitthof.de\/index.php?rest_route=\/wp\/v2\/pages\/18","targetHints":{"allow":["GET"]}}],"collection":[{"href":"https:\/\/yogakurse-splitthof.de\/index.php?rest_route=\/wp\/v2\/pages"}],"about":[{"href":"https:\/\/yogakurse-splitthof.de\/index.php?rest_route=\/wp\/v2\/types\/page"}],"author":[{"embeddable":true,"href":"https:\/\/yogakurse-splitthof.de\/index.php?rest_route=\/wp\/v2\/users\/1"}],"replies":[{"embeddable":true,"href":"https:\/\/yogakurse-splitthof.de\/index.php?rest_route=%2Fwp%2Fv2%2Fcomments&post=18"}],"version-history":[{"count":21,"href":"https:\/\/yogakurse-splitthof.de\/index.php?rest_route=\/wp\/v2\/pages\/18\/revisions"}],"predecessor-version":[{"id":1860,"href":"https:\/\/yogakurse-splitthof.de\/index.php?rest_route=\/wp\/v2\/pages\/18\/revisions\/1860"}],"wp:attachment":[{"href":"https:\/\/yogakurse-splitthof.de\/index.php?rest_route=%2Fwp%2Fv2%2Fmedia&parent=18"}],"curies":[{"name":"wp","href":"https:\/\/api.w.org\/{rel}","templated":true}]}}