{"id":32,"date":"2015-07-15T15:11:35","date_gmt":"2015-07-15T13:11:35","guid":{"rendered":"http:\/\/yogakurse-splitthof.de\/?page_id=32"},"modified":"2015-12-14T20:08:57","modified_gmt":"2015-12-14T19:08:57","slug":"fasten","status":"publish","type":"page","link":"https:\/\/yogakurse-splitthof.de\/?page_id=32","title":{"rendered":"Fasten und Yoga"},"content":{"rendered":"<p style=\"text-align: center;\"><a href=\"https:\/\/yogakurse-splitthof.de\/wp-content\/uploads\/2015\/07\/IMG_0634-Small.jpg\" rel=\"lightbox[32]\"><img loading=\"lazy\" decoding=\"async\" class=\"alignnone wp-image-397 size-medium\" src=\"https:\/\/yogakurse-splitthof.de\/wp-content\/uploads\/2015\/07\/IMG_0634-Small-700x467.jpg\" alt=\"\" width=\"700\" height=\"467\" srcset=\"https:\/\/yogakurse-splitthof.de\/wp-content\/uploads\/2015\/07\/IMG_0634-Small-700x467.jpg 700w, https:\/\/yogakurse-splitthof.de\/wp-content\/uploads\/2015\/07\/IMG_0634-Small.jpg 720w\" sizes=\"auto, (max-width: 700px) 100vw, 700px\" \/><\/a><\/p>\n<blockquote><p><strong>&#8222;Die Sehnsucht ist nur ein Ausdruck dessen, was unserem Wesen gem\u00e4\u00df ist.&#8220; (Ernst von Feuchtersleben)<\/strong><\/p><\/blockquote>\n<p style=\"text-align: justify;\">Schon seit jeher sind Fastenzeiten besonders wohltuende Zeiten. Der bewusste Nahrungsverzicht reinigt und erleichtert nicht nur den K\u00f6rper, sondern bringt auch Klarheit und Ruhe f\u00fcr Geist und Seele.<\/p>\n<p style=\"text-align: justify;\">Der gesamt K\u00f6rper, besonders das Verdauungssystem, alle Blutgef\u00e4\u00dfe und die Haut regenerieren sich intensiv w\u00e4hrend des Fastens. Wichtig ist auch die seelisch- spirituelle Dimension des Fastens. Die Gedanken werden klarer, Entscheidungen sind leichter zu treffen, die Seele \u00f6ffnet sich und die Sicht auf das Wesentliche, die eigene Mitte f\u00e4llt leichter. Oft verhelfen vom K\u00f6rper ausgesch\u00fcttete Gl\u00fcckshormone zu einem wunderbaren Hochgef\u00fchl.<\/p>\n<p style=\"text-align: justify;\">W\u00e4hrend der Fastenwoche praktizieren wir Yoga. Die \u00dcbungen halten unseren K\u00f6rper beweglich, unterst\u00fctzen die Reinigung bis in tiefe Gewebeschichten, bringen unsere Gedanken zur Ruhe, helfen uns, zur Mitte zu f\u00fchren und verbinden uns besonders \u00fcber den Atem mit unserem Wesenskern.<\/p>\n<p style=\"text-align: justify;\">Fasten nach Dr.Buchinger\/Dr. L\u00fctzner ist eine millionenfach bew\u00e4hrte Fastenmethode, die nach den Erfolgen des Heilfastens im klinischen Bereich f\u00fcr die breite \u00d6ffentlichkeit in den 70er Jahren von Dr.L\u00fctzner entwickelt wurde und in seinem Bestseller &#8222;Wie neugeboren durch Fasten &#8220; beschrieben ist. Bei dieser Methode gibt es einmal t\u00e4glich einen Frucht\/ Gem\u00fcsesaft zur Vitaminversorgung, einmal t\u00e4glich eine Gem\u00fcsebr\u00fche zur Mineralstoffversorgung, fastenunterst\u00fctzende Kr\u00e4utertees nach Belieben und viel Wasser zu trinken.<\/p>\n<p><strong>Gemeinsam werden wir all die Dinge tun, die diesen Prozess unterst\u00fctzen und die uns einfach gut tun:<\/strong><\/p>\n<ul>\n<li>gemeinsamer stiller Morgengang<\/li>\n<li>Bewegung in der sch\u00f6nen Natur und der w\u00fcrzigen Luft der Umgebung<\/li>\n<li>Meditatives Gehen aus Tradition des Kundalini- Yoga<\/li>\n<li>Atem-\u00dcbungen<\/li>\n<li>Yoga\u00fcbungen<\/li>\n<li>Meditation<\/li>\n<li>Zeit f\u00fcr Ruhe und Entspannung, auch f\u00fcr sich ganz allein<\/li>\n<li>Einf\u00fchlsame Fastenbegleitung mit viel M\u00f6glichkeit zum Austausch in der Gruppe<\/li>\n<li>Bei Bedarf Hilfestellung f\u00fcr Neuorientierung bei Lebens- und Ern\u00e4hrungsgewohnheiten<\/li>\n<\/ul>\n<div class=\"shariff\" data-title=\"Fasten und Yoga\" data-info-url=\"http:\/\/ct.de\/-2467514\" data-backend-url=\"https:\/\/yogakurse-splitthof.de\/wp-content\/plugins\/shariff-sharing\/backend\/index.php\" data-temp=\"\/tmp\" data-ttl=\"60\" data-service=\"gf\" data-services='[\"googleplus\",\"facebook\",\"whatsapp\",\"info\"]' data-image=\"https:\/\/yogakurse-splitthof.de\/wp-content\/uploads\/2015\/07\/IMG_0634-Small-700x467.jpg\" data-url=\"https:\/\/yogakurse-splitthof.de\/?page_id=32\" data-lang=\"de\" data-theme=\"color\" data-orientation=\"horizontal\"><\/div>","protected":false},"excerpt":{"rendered":"<p>&#8222;Die Sehnsucht ist nur ein Ausdruck dessen, was unserem Wesen gem\u00e4\u00df ist.&#8220; (Ernst von Feuchtersleben) Schon seit jeher sind Fastenzeiten besonders wohltuende Zeiten. Der bewusste Nahrungsverzicht reinigt und erleichtert nicht nur den K\u00f6rper, sondern bringt auch Klarheit und Ruhe f\u00fcr Geist und Seele. Der gesamt K\u00f6rper, besonders das Verdauungssystem, alle Blutgef\u00e4\u00dfe und die Haut regenerieren <a href=\"https:\/\/yogakurse-splitthof.de\/?page_id=32\">Continue reading &#8594;<\/a><\/p>\n","protected":false},"author":1,"featured_media":0,"parent":0,"menu_order":0,"comment_status":"closed","ping_status":"closed","template":"","meta":{"_mc_calendar":[],"footnotes":""},"class_list":["post-32","page","type-page","status-publish","hentry"],"_links":{"self":[{"href":"https:\/\/yogakurse-splitthof.de\/index.php?rest_route=\/wp\/v2\/pages\/32","targetHints":{"allow":["GET"]}}],"collection":[{"href":"https:\/\/yogakurse-splitthof.de\/index.php?rest_route=\/wp\/v2\/pages"}],"about":[{"href":"https:\/\/yogakurse-splitthof.de\/index.php?rest_route=\/wp\/v2\/types\/page"}],"author":[{"embeddable":true,"href":"https:\/\/yogakurse-splitthof.de\/index.php?rest_route=\/wp\/v2\/users\/1"}],"replies":[{"embeddable":true,"href":"https:\/\/yogakurse-splitthof.de\/index.php?rest_route=%2Fwp%2Fv2%2Fcomments&post=32"}],"version-history":[{"count":15,"href":"https:\/\/yogakurse-splitthof.de\/index.php?rest_route=\/wp\/v2\/pages\/32\/revisions"}],"predecessor-version":[{"id":402,"href":"https:\/\/yogakurse-splitthof.de\/index.php?rest_route=\/wp\/v2\/pages\/32\/revisions\/402"}],"wp:attachment":[{"href":"https:\/\/yogakurse-splitthof.de\/index.php?rest_route=%2Fwp%2Fv2%2Fmedia&parent=32"}],"curies":[{"name":"wp","href":"https:\/\/api.w.org\/{rel}","templated":true}]}}