{"id":34,"date":"2015-07-15T15:12:05","date_gmt":"2015-07-15T13:12:05","guid":{"rendered":"http:\/\/yogakurse-splitthof.de\/?page_id=34"},"modified":"2015-12-14T20:15:32","modified_gmt":"2015-12-14T19:15:32","slug":"gong","status":"publish","type":"page","link":"https:\/\/yogakurse-splitthof.de\/?page_id=34","title":{"rendered":"Gong-Meditation"},"content":{"rendered":"<p><a href=\"https:\/\/yogakurse-splitthof.de\/wp-content\/uploads\/2015\/07\/IMG_0596-Small.jpg\" rel=\"lightbox[34]\"><img loading=\"lazy\" decoding=\"async\" class=\"wp-image-403 size-full aligncenter\" src=\"https:\/\/yogakurse-splitthof.de\/wp-content\/uploads\/2015\/07\/IMG_0596-Small.jpg\" alt=\"\" width=\"720\" height=\"480\" srcset=\"https:\/\/yogakurse-splitthof.de\/wp-content\/uploads\/2015\/07\/IMG_0596-Small.jpg 720w, https:\/\/yogakurse-splitthof.de\/wp-content\/uploads\/2015\/07\/IMG_0596-Small-700x467.jpg 700w\" sizes=\"auto, (max-width: 720px) 100vw, 720px\" \/><\/a><\/p>\n<blockquote>\n<p style=\"text-align: justify;\"><strong>&#8222;Der Geist kann sich allem entziehen, au\u00dfer einem Gong&#8220; (Yogi Bhajan)<\/strong><\/p>\n<\/blockquote>\n<p style=\"text-align: justify;\">Der Gong gilt als eines der m\u00e4chtigsten Instumente zur Heilung im Zustand der Trance. In der Tradition, die Yogi Bhajan und Nanak Dev Singh lehren, wird der Gong so gespielt, dass nicht die einzelnen Schl\u00e4ge zu h\u00f6ren sind, sondern der Gong gleichsam zum Singen gebracht wird. Dabei wird zeitweise eine sehr hohe Klangintensit\u00e4t erreicht. Zus\u00e4tzliche Techniken sowie die Erfahrung des Gongspielers rufen bestimmte Wirkungen hervor.<\/p>\n<p style=\"text-align: justify;\">Man sagt, dass Gedankenmuster und -blockaden, alte Traumata durch Gongmeditationen gel\u00f6st, neue Verkn\u00fcpfungen gebildet werden. Der Gong ver\u00e4ndert blockierte Gef\u00fchle, in dem er die Gedanken durchtrennt, die normalerweise die Gef\u00fchle aufrechterhalten und wiederherstellen.<\/p>\n<p style=\"text-align: justify;\">Der Gong hat Auswirkungen auf den K\u00f6rper und die Meridiane. Er l\u00f6st Blockaden, verringert Spannungen &amp; st\u00e4rkt den Kreislauf. Das Ergebnis ist eine Umstrukturierung der in der K\u00f6rperstruktur verankerten emotionalen Energien und Gef\u00fchle.<\/p>\n<p style=\"text-align: justify;\">Das gro\u00dfe Thema des Gongs ist das Loslassen. Das, was man wirklich ist, ist jenseits davon. Die Seele, die Essenz in jedem Menschen ist jenseits davon. Und wenn man so seine Ressentiments gegen das Sterben &#8211; gegen das Loslassen &#8211; ablegt, hilft das sehr dabei den Fluss des Lebens zuzulassen &#8211; wirklich zu leben. Das Entscheidende beim Gong ist die eigene Erfahrung des Klangs: Sich ber\u00fchren lassen und egal was hochkommt und egal wie es sich anf\u00fchlt, es passieren zu lassen und es wieder an den Klang geben, den Gong weiter passieren lassen und die Tiefe und die Intensit\u00e4t geschehen lassen und f\u00fchlen und f\u00fchlen &#8230; und sein.<\/p>\n<p style=\"text-align: justify;\"><!--StartFragment -->Weiterf\u00fchrende Informationen auf der Website von Georg Bratfisch:<a href=\"http:\/\/www.yogahealing.de\/\" target=\"_blank\">www.yogahealing.de<\/a><\/p>\n<p style=\"text-align: justify;\">\n<div class=\"shariff\" data-title=\"Gong-Meditation\" data-info-url=\"http:\/\/ct.de\/-2467514\" data-backend-url=\"https:\/\/yogakurse-splitthof.de\/wp-content\/plugins\/shariff-sharing\/backend\/index.php\" data-temp=\"\/tmp\" data-ttl=\"60\" data-service=\"gf\" data-services='[\"googleplus\",\"facebook\",\"whatsapp\",\"info\"]' data-image=\"https:\/\/yogakurse-splitthof.de\/wp-content\/uploads\/2015\/07\/IMG_0596-Small.jpg\" data-url=\"https:\/\/yogakurse-splitthof.de\/?page_id=34\" data-lang=\"de\" data-theme=\"color\" data-orientation=\"horizontal\"><\/div>","protected":false},"excerpt":{"rendered":"<p>&#8222;Der Geist kann sich allem entziehen, au\u00dfer einem Gong&#8220; (Yogi Bhajan) Der Gong gilt als eines der m\u00e4chtigsten Instumente zur Heilung im Zustand der Trance. In der Tradition, die Yogi Bhajan und Nanak Dev Singh lehren, wird der Gong so gespielt, dass nicht die einzelnen Schl\u00e4ge zu h\u00f6ren sind, sondern der Gong gleichsam zum Singen <a href=\"https:\/\/yogakurse-splitthof.de\/?page_id=34\">Continue reading &#8594;<\/a><\/p>\n","protected":false},"author":1,"featured_media":0,"parent":0,"menu_order":0,"comment_status":"closed","ping_status":"closed","template":"","meta":{"_mc_calendar":[],"footnotes":""},"class_list":["post-34","page","type-page","status-publish","hentry"],"_links":{"self":[{"href":"https:\/\/yogakurse-splitthof.de\/index.php?rest_route=\/wp\/v2\/pages\/34","targetHints":{"allow":["GET"]}}],"collection":[{"href":"https:\/\/yogakurse-splitthof.de\/index.php?rest_route=\/wp\/v2\/pages"}],"about":[{"href":"https:\/\/yogakurse-splitthof.de\/index.php?rest_route=\/wp\/v2\/types\/page"}],"author":[{"embeddable":true,"href":"https:\/\/yogakurse-splitthof.de\/index.php?rest_route=\/wp\/v2\/users\/1"}],"replies":[{"embeddable":true,"href":"https:\/\/yogakurse-splitthof.de\/index.php?rest_route=%2Fwp%2Fv2%2Fcomments&post=34"}],"version-history":[{"count":13,"href":"https:\/\/yogakurse-splitthof.de\/index.php?rest_route=\/wp\/v2\/pages\/34\/revisions"}],"predecessor-version":[{"id":405,"href":"https:\/\/yogakurse-splitthof.de\/index.php?rest_route=\/wp\/v2\/pages\/34\/revisions\/405"}],"wp:attachment":[{"href":"https:\/\/yogakurse-splitthof.de\/index.php?rest_route=%2Fwp%2Fv2%2Fmedia&parent=34"}],"curies":[{"name":"wp","href":"https:\/\/api.w.org\/{rel}","templated":true}]}}