{"id":36,"date":"2015-07-15T15:12:38","date_gmt":"2015-07-15T13:12:38","guid":{"rendered":"http:\/\/yogakurse-splitthof.de\/?page_id=36"},"modified":"2020-04-04T19:10:42","modified_gmt":"2020-04-04T17:10:42","slug":"kundalini-yoga","status":"publish","type":"page","link":"https:\/\/yogakurse-splitthof.de\/?page_id=36","title":{"rendered":"Was ist Kundalini-Yoga"},"content":{"rendered":"<p style=\"text-align: justify;\"><!--StartFragment --><\/p>\n<p><img loading=\"lazy\" decoding=\"async\" class=\"aligncenter wp-image-1326 size-full\" src=\"https:\/\/yogakurse-splitthof.de\/wp-content\/uploads\/2020\/04\/yogi2.jpg\" alt=\"\" width=\"700\" height=\"315\" \/><\/p>\n<p style=\"text-align: justify;\"><span style=\"font-family: Verdana;\">Yoga ist ein Teil des Ayurveda, des Wissens vom Leben, welches seine Wurzeln in der indischen Antike hat.<br \/>\nAyurveda ist ca. 5000 Jahre alt und gilt als eines der \u00e4ltesten medizinischen Systeme.<br \/>\nYoga ist das \u00e4lteste uns \u00fcberlieferte \u00dcbungssystem f\u00fcr die ganzheitliche Entwicklung des Menschen. Das Wort Yoga stammt aus dem Sanskrit und bedeutet \u00fcbersetzt: anbinden, verbinden, anjochen. Im tieferen Sinne geht es um die Verbindung unseres endlichen Seins mit dem unendlichen Sein. Philosophisch ist hiermit der Kontakt zwischen unserem Selbst und unserem g\u00f6ttlichem Selbst gemeint.\u00a0<\/span><\/p>\n<p style=\"text-align: justify;\"><span style=\"font-family: Verdana;\">Im praktischen Leben bedeutet Yoga, das wir den Weg zur Selbsterkenntnis und Selbstverwirklichung beschreiten. Im Vordergrund steht die direkte pers\u00f6nliche Erfahrung. Yoga dient als praktische Disziplin, als Quelle f\u00fcr unser inneres Wissen. Es gibt uns Raum und Zeit f\u00fcr tiefes Erleben und ist ein praktischer Weg zu mehr Gesundheit, Lebensfreude und Bewusstsein.<br \/>\nDies erreicht man durch regelm\u00e4\u00dfige und l\u00e4ngerfristige Anwendung der K\u00f6rper\u00fcbungen, einer bewussten Atemf\u00fchrung, Meditation und yogischer Lebensweise. Gezielt findet man Ruhe und Entspannung und kommt zur Stille. In der Stille ist eine tiefe Verbindung zur eigenen Seele m\u00f6glich.\u00a0<\/span><\/p>\n<p style=\"text-align: justify;\"><span style=\"font-family: Verdana;\">Kundalini-Yoga wurde 1968 durch Yogi Bhajan von Nordindien in den Westen gebracht. Es ist die Urmutter des Yoga und das Yoga des Bewusstseins. Sein Weg f\u00fchrte \u00fcber Toronto in Kanada nach Los Angeles, wo die 3H- Organisation auf seine Initiative hin entstand. Die drei &#8222;H&#8220;\u00a0stehen f\u00fcr healthy, happy, holy (gesund, gl\u00fccklich, ganzheitlich), die drei Lebensgrundrechte, die durch Kundalini-Yoga gef\u00f6rdert werden. Heute praktizieren weltweit tausende Menschen Kundalini-Yoga nach Yogi Bhajan.<\/span><\/p>\n<div class=\"shariff\" data-title=\"Was ist Kundalini-Yoga\" data-info-url=\"http:\/\/ct.de\/-2467514\" data-backend-url=\"https:\/\/yogakurse-splitthof.de\/wp-content\/plugins\/shariff-sharing\/backend\/index.php\" data-temp=\"\/tmp\" data-ttl=\"60\" data-service=\"gf\" data-services='[\"googleplus\",\"facebook\",\"whatsapp\",\"info\"]' data-image=\"https:\/\/yogakurse-splitthof.de\/wp-content\/uploads\/2020\/04\/yogi2.jpg\" data-url=\"https:\/\/yogakurse-splitthof.de\/?page_id=36\" data-lang=\"de\" data-theme=\"color\" data-orientation=\"horizontal\"><\/div>","protected":false},"excerpt":{"rendered":"<p>Yoga ist ein Teil des Ayurveda, des Wissens vom Leben, welches seine Wurzeln in der indischen Antike hat. Ayurveda ist ca. 5000 Jahre alt und gilt als eines der \u00e4ltesten medizinischen Systeme. Yoga ist das \u00e4lteste uns \u00fcberlieferte \u00dcbungssystem f\u00fcr die ganzheitliche Entwicklung des Menschen. Das Wort Yoga stammt aus dem Sanskrit und bedeutet \u00fcbersetzt: <a href=\"https:\/\/yogakurse-splitthof.de\/?page_id=36\">Continue reading &#8594;<\/a><\/p>\n","protected":false},"author":1,"featured_media":0,"parent":0,"menu_order":0,"comment_status":"closed","ping_status":"closed","template":"","meta":{"_mc_calendar":[],"footnotes":""},"class_list":["post-36","page","type-page","status-publish","hentry"],"_links":{"self":[{"href":"https:\/\/yogakurse-splitthof.de\/index.php?rest_route=\/wp\/v2\/pages\/36","targetHints":{"allow":["GET"]}}],"collection":[{"href":"https:\/\/yogakurse-splitthof.de\/index.php?rest_route=\/wp\/v2\/pages"}],"about":[{"href":"https:\/\/yogakurse-splitthof.de\/index.php?rest_route=\/wp\/v2\/types\/page"}],"author":[{"embeddable":true,"href":"https:\/\/yogakurse-splitthof.de\/index.php?rest_route=\/wp\/v2\/users\/1"}],"replies":[{"embeddable":true,"href":"https:\/\/yogakurse-splitthof.de\/index.php?rest_route=%2Fwp%2Fv2%2Fcomments&post=36"}],"version-history":[{"count":13,"href":"https:\/\/yogakurse-splitthof.de\/index.php?rest_route=\/wp\/v2\/pages\/36\/revisions"}],"predecessor-version":[{"id":1327,"href":"https:\/\/yogakurse-splitthof.de\/index.php?rest_route=\/wp\/v2\/pages\/36\/revisions\/1327"}],"wp:attachment":[{"href":"https:\/\/yogakurse-splitthof.de\/index.php?rest_route=%2Fwp%2Fv2%2Fmedia&parent=36"}],"curies":[{"name":"wp","href":"https:\/\/api.w.org\/{rel}","templated":true}]}}