{"id":43,"date":"2015-07-15T15:20:00","date_gmt":"2015-07-15T13:20:00","guid":{"rendered":"http:\/\/yogakurse-splitthof.de\/?page_id=43"},"modified":"2015-10-14T09:36:27","modified_gmt":"2015-10-14T07:36:27","slug":"gruene-diaet","status":"publish","type":"page","link":"https:\/\/yogakurse-splitthof.de\/?page_id=43","title":{"rendered":"Gr\u00fcne Di\u00e4t"},"content":{"rendered":"<p><img loading=\"lazy\" decoding=\"async\" class=\"aligncenter size-medium wp-image-109\" src=\"https:\/\/yogakurse-splitthof.de\/wp-content\/uploads\/2015\/07\/gr\u00fcnedi\u00e4t-700x307.jpg\" alt=\"gr\u00fcnedi\u00e4t\" width=\"700\" height=\"307\" srcset=\"https:\/\/yogakurse-splitthof.de\/wp-content\/uploads\/2015\/07\/gr\u00fcnedi\u00e4t-700x307.jpg 700w, https:\/\/yogakurse-splitthof.de\/wp-content\/uploads\/2015\/07\/gr\u00fcnedi\u00e4t-1024x449.jpg 1024w, https:\/\/yogakurse-splitthof.de\/wp-content\/uploads\/2015\/07\/gr\u00fcnedi\u00e4t.jpg 1141w\" sizes=\"auto, (max-width: 700px) 100vw, 700px\" \/><\/p>\n<blockquote>\n<p style=\"text-align: justify;\"><strong><span style=\"color: #000000; font-family: Calibri;\">Die Farbe Gr\u00fcn steht f\u00fcr die j\u00e4hrliche Erneuerung und den Triumph des F\u00fchlings \u00fcber den kalten, dunklen Winter und symbolisiert immer wieder neue Hoffnung auf ein langes Leben. Setz dich an meine gr\u00fcne Seite!<\/span><\/strong><\/p>\n<\/blockquote>\n<p style=\"text-align: justify;\"><span style=\"color: #000000; font-family: Calibri;\">Die Gr\u00fcne Di\u00e4t reinigt den K\u00f6rper von Giftstoffen und aktiviert gleichzeitig die k\u00f6rperliche und geistige Energie. Sie dient als optimale Unterst\u00fctzung, um im K\u00f6rper eine \u00dcbers\u00e4uerung abzubauen und ein ges\u00fcnderes, also basisches Milieu zu erzeugen und hat noch zahlreiche andere positive Auswirkungen z.B. auf das Immunsystem, die Haut, den Blutdruck, das K\u00f6rpergewicht.<\/span><\/p>\n<p style=\"text-align: justify;\"><span style=\"color: #000000; font-family: Calibri;\">Die Grundlagen f\u00fcr diese Di\u00e4t stammen aus den praktischen Alltagstipps der Yogalehre.<\/span><\/p>\n<p style=\"text-align: justify;\"><span style=\"color: #000000; font-family: Calibri;\">Das Gute und Besondere ist, die Gr\u00fcne Di\u00e4t kann man das ganze Jahr \u00fcber durchf\u00fchren, wann immer man das Gef\u00fchl, die Zeit und die Lust hat, etwas Gesundes f\u00fcr den eigenen K\u00f6rper tun zu wollen.<\/span><\/p>\n<p style=\"text-align: justify;\"><span style=\"color: #000000; font-family: Calibri;\">Es gibt keine besonders strengen Regeln. Man kann essen was man gern isst und auch so viel man will- Hauptsache es ist gr\u00fcn!<\/span><\/p>\n<div class=\"shariff\" data-title=\"Gr\u00fcne Di\u00e4t\" data-info-url=\"http:\/\/ct.de\/-2467514\" data-backend-url=\"https:\/\/yogakurse-splitthof.de\/wp-content\/plugins\/shariff-sharing\/backend\/index.php\" data-temp=\"\/tmp\" data-ttl=\"60\" data-service=\"gf\" data-services='[\"googleplus\",\"facebook\",\"whatsapp\",\"info\"]' data-image=\"https:\/\/yogakurse-splitthof.de\/wp-content\/uploads\/2015\/07\/gr\u00fcnedi\u00e4t-700x307.jpg\" data-url=\"https:\/\/yogakurse-splitthof.de\/?page_id=43\" data-lang=\"de\" data-theme=\"color\" data-orientation=\"horizontal\"><\/div>","protected":false},"excerpt":{"rendered":"<p>Die Farbe Gr\u00fcn steht f\u00fcr die j\u00e4hrliche Erneuerung und den Triumph des F\u00fchlings \u00fcber den kalten, dunklen Winter und symbolisiert immer wieder neue Hoffnung auf ein langes Leben. Setz dich an meine gr\u00fcne Seite! Die Gr\u00fcne Di\u00e4t reinigt den K\u00f6rper von Giftstoffen und aktiviert gleichzeitig die k\u00f6rperliche und geistige Energie. Sie dient als optimale Unterst\u00fctzung, <a href=\"https:\/\/yogakurse-splitthof.de\/?page_id=43\">Continue reading &#8594;<\/a><\/p>\n","protected":false},"author":1,"featured_media":0,"parent":0,"menu_order":0,"comment_status":"closed","ping_status":"closed","template":"","meta":{"_mc_calendar":[],"footnotes":""},"class_list":["post-43","page","type-page","status-publish","hentry"],"_links":{"self":[{"href":"https:\/\/yogakurse-splitthof.de\/index.php?rest_route=\/wp\/v2\/pages\/43","targetHints":{"allow":["GET"]}}],"collection":[{"href":"https:\/\/yogakurse-splitthof.de\/index.php?rest_route=\/wp\/v2\/pages"}],"about":[{"href":"https:\/\/yogakurse-splitthof.de\/index.php?rest_route=\/wp\/v2\/types\/page"}],"author":[{"embeddable":true,"href":"https:\/\/yogakurse-splitthof.de\/index.php?rest_route=\/wp\/v2\/users\/1"}],"replies":[{"embeddable":true,"href":"https:\/\/yogakurse-splitthof.de\/index.php?rest_route=%2Fwp%2Fv2%2Fcomments&post=43"}],"version-history":[{"count":8,"href":"https:\/\/yogakurse-splitthof.de\/index.php?rest_route=\/wp\/v2\/pages\/43\/revisions"}],"predecessor-version":[{"id":347,"href":"https:\/\/yogakurse-splitthof.de\/index.php?rest_route=\/wp\/v2\/pages\/43\/revisions\/347"}],"wp:attachment":[{"href":"https:\/\/yogakurse-splitthof.de\/index.php?rest_route=%2Fwp%2Fv2%2Fmedia&parent=43"}],"curies":[{"name":"wp","href":"https:\/\/api.w.org\/{rel}","templated":true}]}}