{"id":45,"date":"2015-07-15T15:23:07","date_gmt":"2015-07-15T13:23:07","guid":{"rendered":"http:\/\/yogakurse-splitthof.de\/?page_id=45"},"modified":"2018-09-27T15:44:02","modified_gmt":"2018-09-27T13:44:02","slug":"gesunder-schlaf","status":"publish","type":"page","link":"https:\/\/yogakurse-splitthof.de\/?page_id=45","title":{"rendered":"Gesunder Schlaf"},"content":{"rendered":"<p><img loading=\"lazy\" decoding=\"async\" class=\"aligncenter size-medium wp-image-211\" src=\"https:\/\/yogakurse-splitthof.de\/wp-content\/uploads\/2015\/07\/gesunderSchlaf-700x236.jpg\" alt=\"gesunderSchlaf\" width=\"700\" height=\"236\" srcset=\"https:\/\/yogakurse-splitthof.de\/wp-content\/uploads\/2015\/07\/gesunderSchlaf-700x236.jpg 700w, https:\/\/yogakurse-splitthof.de\/wp-content\/uploads\/2015\/07\/gesunderSchlaf.jpg 799w\" sizes=\"auto, (max-width: 700px) 100vw, 700px\" \/><\/p>\n<blockquote><p><strong>Ein guter, erholsamer Schlaf ist f\u00fcr uns einer der wirkungsvollsten Faktoren, um in unserem Alltag immer wieder in Balance zu kommen.<\/strong><\/p><\/blockquote>\n<p style=\"text-align: justify;\">Gesunder Schlaf hilft uns nicht nur, konzentriert und ausgeglichen zu sein, sondern st\u00e4rkt auch unser Immunsystem, beugt einigen Zivilisationserkrankungen wie Diabetes, \u00dcbergewicht, Bluthochdruck vor und ist eine bedeutsame Regenerationszeit f\u00fcr unseren K\u00f6rper und unser Nervensystem.<\/p>\n<p style=\"text-align: justify;\">In diesem Workshop lernen wir spezielle Yoga\u00fcbungen und Atemtechniken kennen, die die tiefe Entspannung und den Schlaf f\u00f6rdern.<\/p>\n<p style=\"text-align: justify;\">Eine Einf\u00fchrung in die Meditation und verschiedene Tipps aus der yogischen Tradition k\u00f6nnen uns unterst\u00fctzen, Methoden f\u00fcr einen erholsamen Schlaf zu finden.<\/p>\n<p style=\"text-align: justify;\">Sie erhalten ein Skript, das auch Platz f\u00fcr eigene Notizen bietet. Gemeinsam nehmen wir mittags eine Suppe ein. Als Getr\u00e4nke stehen Tee und Wasser zur Verf\u00fcgung.<\/p>\n<ul>\n<li style=\"text-align: justify;\">Kosten : 50 Euro<\/li>\n<li style=\"text-align: justify;\">Ort: Yogaraum L\u00f6hma<\/li>\n<li style=\"text-align: justify;\">Mitzubringen: bequeme Kleidung, Isomatte, Decke, warme Socken, evtl. ein kleines Kissen, um entspannter auf dem Boden sitzen zu k\u00f6nnen.<\/li>\n<li style=\"text-align: justify;\">Die Bezahlung erfolgt in bar vor Ort.<\/li>\n<\/ul>\n<div class=\"shariff\" data-title=\"Gesunder Schlaf\" data-info-url=\"http:\/\/ct.de\/-2467514\" data-backend-url=\"https:\/\/yogakurse-splitthof.de\/wp-content\/plugins\/shariff-sharing\/backend\/index.php\" data-temp=\"\/tmp\" data-ttl=\"60\" data-service=\"gf\" data-services='[\"googleplus\",\"facebook\",\"whatsapp\",\"info\"]' data-image=\"https:\/\/yogakurse-splitthof.de\/wp-content\/uploads\/2015\/07\/gesunderSchlaf-700x236.jpg\" data-url=\"https:\/\/yogakurse-splitthof.de\/?page_id=45\" data-lang=\"de\" data-theme=\"color\" data-orientation=\"horizontal\"><\/div>","protected":false},"excerpt":{"rendered":"<p>Ein guter, erholsamer Schlaf ist f\u00fcr uns einer der wirkungsvollsten Faktoren, um in unserem Alltag immer wieder in Balance zu kommen. Gesunder Schlaf hilft uns nicht nur, konzentriert und ausgeglichen zu sein, sondern st\u00e4rkt auch unser Immunsystem, beugt einigen Zivilisationserkrankungen wie Diabetes, \u00dcbergewicht, Bluthochdruck vor und ist eine bedeutsame Regenerationszeit f\u00fcr unseren K\u00f6rper und unser <a href=\"https:\/\/yogakurse-splitthof.de\/?page_id=45\">Continue reading &#8594;<\/a><\/p>\n","protected":false},"author":1,"featured_media":0,"parent":0,"menu_order":0,"comment_status":"closed","ping_status":"closed","template":"","meta":{"_mc_calendar":[],"footnotes":""},"class_list":["post-45","page","type-page","status-publish","hentry"],"_links":{"self":[{"href":"https:\/\/yogakurse-splitthof.de\/index.php?rest_route=\/wp\/v2\/pages\/45","targetHints":{"allow":["GET"]}}],"collection":[{"href":"https:\/\/yogakurse-splitthof.de\/index.php?rest_route=\/wp\/v2\/pages"}],"about":[{"href":"https:\/\/yogakurse-splitthof.de\/index.php?rest_route=\/wp\/v2\/types\/page"}],"author":[{"embeddable":true,"href":"https:\/\/yogakurse-splitthof.de\/index.php?rest_route=\/wp\/v2\/users\/1"}],"replies":[{"embeddable":true,"href":"https:\/\/yogakurse-splitthof.de\/index.php?rest_route=%2Fwp%2Fv2%2Fcomments&post=45"}],"version-history":[{"count":11,"href":"https:\/\/yogakurse-splitthof.de\/index.php?rest_route=\/wp\/v2\/pages\/45\/revisions"}],"predecessor-version":[{"id":1089,"href":"https:\/\/yogakurse-splitthof.de\/index.php?rest_route=\/wp\/v2\/pages\/45\/revisions\/1089"}],"wp:attachment":[{"href":"https:\/\/yogakurse-splitthof.de\/index.php?rest_route=%2Fwp%2Fv2%2Fmedia&parent=45"}],"curies":[{"name":"wp","href":"https:\/\/api.w.org\/{rel}","templated":true}]}}